{"id":380,"date":"2023-06-30T18:02:27","date_gmt":"2023-06-30T16:02:27","guid":{"rendered":"https:\/\/jaegerhorn.de\/de\/?page_id=380"},"modified":"2023-07-06T18:24:49","modified_gmt":"2023-07-06T16:24:49","slug":"verbaende","status":"publish","type":"page","link":"https:\/\/jaegerhorn.de\/de\/verbaende\/","title":{"rendered":"Beratung f\u00fcr Verb\u00e4nde und Organisationen"},"content":{"rendered":"\n<h1 class=\"wp-block-heading\">J\u00e4gerhorn Beratung <br>f\u00fcr Verb\u00e4nde und Organisationen<\/h1>\n\n\n\n<figure class=\"wp-block-image size-large is-resized\"><img loading=\"lazy\" decoding=\"async\" src=\"https:\/\/jaegerhorn.de\/wp\/wp-content\/uploads\/2023\/07\/icon-verbaende.svg\" alt=\"\" class=\"wp-image-390\" width=\"250\" height=\"250\"\/><\/figure>\n\n\n\n<p>Operative und langj\u00e4hrige Erfahrung im Verbandsmanagement, Steuerung eines Verbandes durch unterschiedliche Phasen, Installation von Innovationen, Konzentration auf den Ausbau des \u00d6kosystem des Verbandes, Schaffung von exklusiven Mehrwerten f\u00fcr Mitglieder, nachhaltige Interessenvertretung: Diese Skills bringt Torben bei J\u00e4gerhorn Advisory ein. Die Ausgestaltung erfolgreicher Verbandsarbeit ist facettenreich und komplex \u2013 mit einer klaren und konsequenten Positionierung bzw. Schaffung einer DNA sowie deren Weiterentwicklung wird dabei ein stabiles Fundament gelegt und weiterentwickelt, um welches sich alle weiteren Aspekte der Ausgestaltung der Verbandsarbeit drehen. Auch in diesem Bereich speist Torben sein Know-how aus 20j\u00e4hriger F\u00fchrungserfahrung.<\/p>\n\n\n\n<p>Entsprechend ergeben sich folgende Leistungsbausteine:<\/p>\n\n\n\n<h2 class=\"wp-block-heading\">Beratungsschwerpunkte<\/h2>\n\n\n\n<ul class=\"wp-block-list\">\n<li>Communitymanagement:\n<ul class=\"wp-block-list\">\n<li>Mitgliederbindung<\/li>\n\n\n\n<li>Neumitgliedergewinnung<\/li>\n\n\n\n<li>Mitgliederkommunikation<\/li>\n<\/ul>\n<\/li>\n\n\n\n<li>Generierung von Mehrwerten f\u00fcr Verbandsmitglieder<\/li>\n\n\n\n<li>Positionierung des Verbandes<\/li>\n\n\n\n<li>Interessenvertretung und Public Affairs<\/li>\n\n\n\n<li>Begleitung von Prozessen als Sparringspartner (z.B. Neu- oder Umstrukturierung, Umsetzung von Innovationen)<\/li>\n\n\n\n<li>Moderation von Events (Jahrestagungen, Aussch\u00fcsse etc.)<\/li>\n\n\n\n<li>Operatives Projektmanagement<\/li>\n<\/ul>\n\n\n\n<h2 class=\"wp-block-heading\">Das Produkt von J\u00e4gerhorn Initiatives<\/h2>\n\n\n\n<ul class=\"wp-block-list\">\n<li>Workshop als Kick-off:\n<ul class=\"wp-block-list\">\n<li>Definition Ausgangslage<\/li>\n\n\n\n<li>Zielbestimmung<\/li>\n\n\n\n<li>Erstellung Ma\u00dfnahmenplan und Unterst\u00fctzung bei der Umsetzung<\/li>\n<\/ul>\n<\/li>\n\n\n\n<li>Begleitung von kurz- und l\u00e4ngerfristigen Projekten<\/li>\n\n\n\n<li>Interim-Management<\/li>\n\n\n\n<li>Moderation von Events<\/li>\n\n\n\n<li>Impulsgeber bei Events<\/li>\n<\/ul>\n\n\n\n<h2 class=\"wp-block-heading\">Expertisen<\/h2>\n\n\n\n<div class=\"wp-block-buttons is-layout-flex wp-block-buttons-is-layout-flex\">\n<div class=\"wp-block-button\"><a class=\"wp-block-button__link has-black-color has-text-color has-background wp-element-button\" style=\"background-color:#e5e5e5\">Positionierung<\/a><\/div>\n\n\n\n<div class=\"wp-block-button\"><a class=\"wp-block-button__link has-black-color has-text-color has-background wp-element-button\" style=\"background-color:#e5e5e5\">Mitgliedergewinnung<\/a><\/div>\n\n\n\n<div class=\"wp-block-button\"><a class=\"wp-block-button__link has-black-color has-text-color has-background wp-element-button\" style=\"background-color:#e5e5e5\">Communitymanagement<\/a><\/div>\n\n\n\n<div class=\"wp-block-button\"><a class=\"wp-block-button__link has-black-color has-text-color has-background wp-element-button\" style=\"background-color:#e5e5e5\">Public Affairs<\/a><\/div>\n\n\n\n<div class=\"wp-block-button\"><a class=\"wp-block-button__link has-black-color has-text-color has-background wp-element-button\" style=\"background-color:#e5e5e5\">Umstrukturierungen<\/a><\/div>\n\n\n\n<div class=\"wp-block-button\"><a class=\"wp-block-button__link has-black-color has-text-color has-background wp-element-button\" style=\"background-color:#e5e5e5\">Mehrwerte f\u00fcr Verbandsmitglieder<\/a><\/div>\n\n\n\n<div class=\"wp-block-button\"><a class=\"wp-block-button__link has-black-color has-text-color has-background wp-element-button\" style=\"background-color:#e5e5e5\">Mitgliederkommunikation<\/a><\/div>\n\n\n\n<div class=\"wp-block-button\"><a class=\"wp-block-button__link has-black-color has-text-color has-background wp-element-button\" style=\"background-color:#e5e5e5\">Interim Management<\/a><\/div>\n\n\n\n<div class=\"wp-block-button\"><a class=\"wp-block-button__link has-black-color has-text-color has-background wp-element-button\" style=\"background-color:#e5e5e5\">Verbandsmodernisierung<\/a><\/div>\n<\/div>\n","protected":false},"excerpt":{"rendered":"<p>J\u00e4gerhorn Beratung f\u00fcr Verb\u00e4nde und Organisationen Operative und langj\u00e4hrige Erfahrung im Verbandsmanagement, Steuerung eines Verbandes durch unterschiedliche Phasen, Installation von Innovationen, Konzentration auf den Ausbau des \u00d6kosystem des Verbandes, Schaffung von exklusiven Mehrwerten f\u00fcr Mitglieder, nachhaltige Interessenvertretung: Diese Skills bringt Torben bei J\u00e4gerhorn Advisory ein. Die Ausgestaltung erfolgreicher Verbandsarbeit ist facettenreich und komplex \u2013 mit [&hellip;]<\/p>\n","protected":false},"author":2,"featured_media":0,"parent":0,"menu_order":0,"comment_status":"closed","ping_status":"closed","template":"","meta":{"footnotes":""},"class_list":["post-380","page","type-page","status-publish","hentry"],"_links":{"self":[{"href":"https:\/\/jaegerhorn.de\/de\/wp-json\/wp\/v2\/pages\/380","targetHints":{"allow":["GET"]}}],"collection":[{"href":"https:\/\/jaegerhorn.de\/de\/wp-json\/wp\/v2\/pages"}],"about":[{"href":"https:\/\/jaegerhorn.de\/de\/wp-json\/wp\/v2\/types\/page"}],"author":[{"embeddable":true,"href":"https:\/\/jaegerhorn.de\/de\/wp-json\/wp\/v2\/users\/2"}],"replies":[{"embeddable":true,"href":"https:\/\/jaegerhorn.de\/de\/wp-json\/wp\/v2\/comments?post=380"}],"version-history":[{"count":12,"href":"https:\/\/jaegerhorn.de\/de\/wp-json\/wp\/v2\/pages\/380\/revisions"}],"predecessor-version":[{"id":457,"href":"https:\/\/jaegerhorn.de\/de\/wp-json\/wp\/v2\/pages\/380\/revisions\/457"}],"wp:attachment":[{"href":"https:\/\/jaegerhorn.de\/de\/wp-json\/wp\/v2\/media?parent=380"}],"curies":[{"name":"wp","href":"https:\/\/api.w.org\/{rel}","templated":true}]}}