{"id":397,"date":"2022-09-02T12:00:07","date_gmt":"2022-09-02T10:00:07","guid":{"rendered":"https:\/\/jaegerhorn.de\/de\/?page_id=397"},"modified":"2024-12-18T22:55:16","modified_gmt":"2024-12-18T21:55:16","slug":"home-2","status":"publish","type":"page","link":"https:\/\/jaegerhorn.de\/de\/","title":{"rendered":"Home"},"content":{"rendered":"\n<figure class=\"wp-block-image size-full\"><img decoding=\"async\" src=\"https:\/\/jaegerhorn.de\/wp\/wp-content\/uploads\/2023\/04\/torben-leif-brodersen.jpg\" alt=\"\" class=\"wp-image-65\"\/><figcaption class=\"wp-element-caption\">Falls Sie ihn einladen m\u00f6chten: Torben trinkt seinen Kaffee schwarz und seinen Tee friesisch-traditionell mit Kandis und Sahnew\u00f6lkchen.<\/figcaption><\/figure>\n\n\n\n<div class=\"wp-block-group start-icons start-icons-overlay is-content-justification-center is-nowrap is-layout-flex wp-container-core-group-is-layout-079bfc22 wp-block-group-is-layout-flex\">\n<div class=\"wp-block-group teaser\"><div class=\"wp-block-group__inner-container is-layout-constrained wp-block-group-is-layout-constrained\">\n<figure class=\"wp-block-image size-large\"><img loading=\"lazy\" decoding=\"async\" width=\"1024\" height=\"1024\" src=\"https:\/\/jaegerhorn.de\/wp\/wp-content\/uploads\/2023\/07\/icon-franchise.svg\" alt=\"\" class=\"wp-image-389\"\/><\/figure>\n\n\n\n<p class=\"has-text-align-center\"><a href=\"https:\/\/jaegerhorn.de\/de\/franchise\/\" data-type=\"page\" data-id=\"379\">Beratung f\u00fcr <strong>Franchise<\/strong>geber und -nehmer<\/a><\/p>\n<\/div><\/div>\n\n\n\n<div class=\"wp-block-group teaser\"><div class=\"wp-block-group__inner-container is-layout-constrained wp-block-group-is-layout-constrained\">\n<figure class=\"wp-block-image size-large\"><img loading=\"lazy\" decoding=\"async\" width=\"1024\" height=\"1024\" src=\"https:\/\/jaegerhorn.de\/wp\/wp-content\/uploads\/2023\/07\/icon-verbaende.svg\" alt=\"\" class=\"wp-image-390\"\/><\/figure>\n\n\n\n<p class=\"has-text-align-center\"><a href=\"https:\/\/jaegerhorn.de\/de\/verbaende\/\" data-type=\"page\" data-id=\"380\">Beratung f\u00fcr <strong>Verb\u00e4nde<\/strong> und Organisationen<\/a><\/p>\n<\/div><\/div>\n<\/div>\n\n\n<ul class=\"wp-block-latest-posts__list is-grid columns-3 wp-block-latest-posts\"><li><div class=\"wp-block-latest-posts__featured-image\"><img loading=\"lazy\" decoding=\"async\" width=\"300\" height=\"200\" src=\"https:\/\/jaegerhorn.de\/wp\/wp-content\/uploads\/2024\/06\/Blog_1.-HJ-2024-300x200.jpg\" class=\"attachment-thumbnail size-thumbnail wp-post-image\" alt=\"\" style=\"max-width:255px;max-height:166px;\" \/><\/div><a class=\"wp-block-latest-posts__post-title\" href=\"https:\/\/jaegerhorn.de\/de\/2024\/06\/1-halbjahr-2024-rueckblick-und-schwerpunkte\/\">1. Halbjahr 2024: R\u00fcckblick und Schwerpunkte<\/a><\/li>\n<li><div class=\"wp-block-latest-posts__featured-image\"><img loading=\"lazy\" decoding=\"async\" width=\"300\" height=\"136\" src=\"https:\/\/jaegerhorn.de\/wp\/wp-content\/uploads\/2024\/01\/Blog_FR4You-300x136.jpg\" class=\"attachment-thumbnail size-thumbnail wp-post-image\" alt=\"\" style=\"max-width:255px;max-height:166px;\" \/><\/div><a class=\"wp-block-latest-posts__post-title\" href=\"https:\/\/jaegerhorn.de\/de\/2024\/01\/franchiseforyou-erweitert-experten-netzwerk-um-torben-brodersen\/\">FranchiseForYou erweitert Experten-Netzwerk um Torben Brodersen<\/a><\/li>\n<li><div class=\"wp-block-latest-posts__featured-image\"><img loading=\"lazy\" decoding=\"async\" width=\"157\" height=\"157\" src=\"https:\/\/jaegerhorn.de\/wp\/wp-content\/uploads\/2024\/01\/Blog_enerix_PA-1.jpg\" class=\"attachment-thumbnail size-thumbnail wp-post-image\" alt=\"\" style=\"max-width:255px;max-height:166px;\" srcset=\"https:\/\/jaegerhorn.de\/wp\/wp-content\/uploads\/2024\/01\/Blog_enerix_PA-1.jpg 157w, https:\/\/jaegerhorn.de\/wp\/wp-content\/uploads\/2024\/01\/Blog_enerix_PA-1-60x60.jpg 60w\" sizes=\"auto, (max-width: 157px) 100vw, 157px\" \/><\/div><a class=\"wp-block-latest-posts__post-title\" href=\"https:\/\/jaegerhorn.de\/de\/2024\/01\/public-affairs-in-der-franchisepraxis-enerix-im-dialog-mit-der-politik\/\">Public Affairs in der Franchisepraxis &#8211; enerix im Dialog mit der Politik<\/a><\/li>\n<li><div class=\"wp-block-latest-posts__featured-image\"><img loading=\"lazy\" decoding=\"async\" width=\"300\" height=\"200\" src=\"https:\/\/jaegerhorn.de\/wp\/wp-content\/uploads\/2023\/05\/COLOURBOX6893059-300x200.jpg\" class=\"attachment-thumbnail size-thumbnail wp-post-image\" alt=\"\" style=\"max-width:255px;max-height:166px;\" \/><\/div><a class=\"wp-block-latest-posts__post-title\" href=\"https:\/\/jaegerhorn.de\/de\/2024\/01\/den-verband-als-oekosystem-begreifen\/\">Den Verband als \u00d6kosystem begreifen<\/a><\/li>\n<li><div class=\"wp-block-latest-posts__featured-image\"><img loading=\"lazy\" decoding=\"async\" width=\"300\" height=\"200\" src=\"https:\/\/jaegerhorn.de\/wp\/wp-content\/uploads\/2023\/12\/Blog_Horrido9-300x200.jpg\" class=\"attachment-thumbnail size-thumbnail wp-post-image\" alt=\"\" style=\"max-width:255px;max-height:166px;\" \/><\/div><a class=\"wp-block-latest-posts__post-title\" href=\"https:\/\/jaegerhorn.de\/de\/2023\/12\/ein-jahr-jaegerhorn\/\">Ein Jahr J\u00e4gerhorn!<\/a><\/li>\n<li><div class=\"wp-block-latest-posts__featured-image\"><img loading=\"lazy\" decoding=\"async\" width=\"300\" height=\"200\" src=\"https:\/\/jaegerhorn.de\/wp\/wp-content\/uploads\/2023\/12\/Blog_TopGolf-300x200.jpg\" class=\"attachment-thumbnail size-thumbnail wp-post-image\" alt=\"\" style=\"max-width:255px;max-height:166px;\" \/><\/div><a class=\"wp-block-latest-posts__post-title\" href=\"https:\/\/jaegerhorn.de\/de\/2023\/12\/veranstaltungshinweis-community-building-in-verbaenden-am-20-02-2024\/\">Veranstaltungshinweis: Community Building in Verb\u00e4nden am 11.06.2024<\/a><\/li>\n<li><div class=\"wp-block-latest-posts__featured-image\"><img loading=\"lazy\" decoding=\"async\" width=\"300\" height=\"200\" src=\"https:\/\/jaegerhorn.de\/wp\/wp-content\/uploads\/2023\/11\/Blog_Horrido8-300x200.jpg\" class=\"attachment-thumbnail size-thumbnail wp-post-image\" alt=\"\" style=\"max-width:255px;max-height:166px;\" \/><\/div><a class=\"wp-block-latest-posts__post-title\" href=\"https:\/\/jaegerhorn.de\/de\/2023\/11\/public-affairs-fuer-franchiseunternehmen-die-marke-und-entscheidungstraeger-im-blick\/\">Public Affairs f\u00fcr Franchiseunternehmen: Die Marke und Entscheidungstr\u00e4ger im Blick<\/a><\/li>\n<li><div class=\"wp-block-latest-posts__featured-image\"><img loading=\"lazy\" decoding=\"async\" width=\"300\" height=\"200\" src=\"https:\/\/jaegerhorn.de\/wp\/wp-content\/uploads\/2023\/10\/Blog_Aktuelles-300x200.jpg\" class=\"attachment-thumbnail size-thumbnail wp-post-image\" alt=\"\" style=\"max-width:255px;max-height:166px;\" \/><\/div><a class=\"wp-block-latest-posts__post-title\" href=\"https:\/\/jaegerhorn.de\/de\/2023\/10\/verbaende-und-franchise-unter-einem-dach-update-der-jaegerhorn-aktivitaeten\/\">Verb\u00e4nde und Franchise unter einem Dach: Update der J\u00e4gerhorn-Aktivit\u00e4ten<\/a><\/li>\n<li><div class=\"wp-block-latest-posts__featured-image\"><img loading=\"lazy\" decoding=\"async\" width=\"300\" height=\"200\" src=\"https:\/\/jaegerhorn.de\/wp\/wp-content\/uploads\/2023\/10\/Master-Class-Torben-L.-Brodersen-300x200.jpg\" class=\"attachment-thumbnail size-thumbnail wp-post-image\" alt=\"\" style=\"max-width:255px;max-height:166px;\" \/><\/div><a class=\"wp-block-latest-posts__post-title\" href=\"https:\/\/jaegerhorn.de\/de\/2023\/10\/franchiseexpo-fex23-master-class-fuer-angehende-franchisepartner\/\">Franchiseexpo #FEX23: Master Class f\u00fcr angehende Franchisepartner<\/a><\/li>\n<\/ul>\n\n\n<h1 class=\"wp-block-heading\">Wer steckt hinter J\u00e4gerhorn?<\/h1>\n\n\n\n<h2 class=\"wp-block-heading\">Gr\u00fcnder und Macher von J\u00e4gerhorn ist Torben L. Brodersen.<\/h2>\n\n\n\n<p><strong>Tor\u00adben ist geb\u00fcr\u00adti\u00adger Flens\u00adbur\u00adger, hat ein Uni\u00adver\u00adsi\u00adt\u00e4ts\u00addi\u00adplom in Poli\u00adtik\u00adwis\u00adsen\u00adschaft und mehr als ein Vier\u00adtel\u00adjahr\u00adhun\u00addert Erfah\u00adrung in den Berei\u00adchen Poli\u00adtik\u00adma\u00adnage\u00adment und Ver\u00adbands\u00adge\u00adsch\u00e4fts\u00adf\u00fch\u00adrung.<\/strong><\/p>\n\n\n\n<p><em>Einen ausf\u00fchrlichen Lebenslauf von Torben finden Sie hier:<\/em><br><strong><a href=\"https:\/\/jaegerhorn.de\/wp\/portrait\/\" data-type=\"page\" data-id=\"9\">Lebenslauf Torben Leif Brodersen<\/a><\/strong><\/p>\n\n\n\n<p>Nach eini\u00adgen ein\u00adschl\u00e4\u00adgi\u00adgen Sta\u00adtio\u00adnen im Kie\u00adler und auch im Ber\u00adli\u00adner Poli\u00adtik\u00adbe\u00adtrieb wurde Tor\u00adben zun\u00e4chst Gesch\u00e4fts\u00adf\u00fch\u00adrer, sp\u00e4\u00adter Haupt\u00adge\u00adsch\u00e4fts\u00adf\u00fch\u00adrer des Deutschen Franchisever\u00adban\u00addes e.V. und blieb die\u00adsem mehr als 20 Jahre treu. Im Jahr 2022 gr\u00fcn\u00addete Tor\u00adben <strong>J\u00c4GERHORN Initiatives<\/strong> und hat im Fr\u00fchjahr 2024 die Gesch\u00e4ftsf\u00fchrung des neu gegr\u00fcndeten Bundesverband des Solarhandwerks e.V. \u00fcbernommen. Hier zeichnete er auch f\u00fcr die Verbandsgr\u00fcndung verantwortlich. Mit dem <strong>Verbands- und Franchisemanagement<\/strong> verf\u00fcgt J\u00e4gerhorn Torbens umfangreicher Expertise entsprechend \u00fcber zwei Standbeine: Im Verb\u00e4ndebereich werden z.B. die Bereiche Positionierung und Interessenvertretung, Neu- und Umstrukturierung sowie Community-Management abgedeckt. In Bezug auf Franchiseunternehmen begleitet Torben bei der Gr\u00fcndung, der Expansion, Public Affairs-Aktivit\u00e4ten oder etwa dem Markteintritt nach Deutschland. Als reiner Netzwerker verf\u00fcgt Torben \u00fcber einen breiten Fundus an Kontakten in beiden Bereichen. <\/p>\n\n\n\n<p><strong>Hiervon k\u00f6nnen Sie profitieren!<\/strong><\/p>\n\n\n\n<div class=\"wp-block-group\"><div class=\"wp-block-group__inner-container is-layout-constrained wp-block-group-is-layout-constrained\">\n<div class=\"wp-block-columns is-layout-flex wp-container-core-columns-is-layout-9d6595d7 wp-block-columns-is-layout-flex\">\n<div class=\"wp-block-column is-layout-flow wp-block-column-is-layout-flow\"><div class=\"wp-block-image\">\n<figure class=\"aligncenter size-thumbnail is-resized\"><img loading=\"lazy\" decoding=\"async\" width=\"512\" height=\"512\" src=\"https:\/\/jaegerhorn.de\/wp\/wp-content\/uploads\/2023\/04\/icon-mail.svg\" alt=\"\" class=\"wp-image-135\" style=\"width:60px;height:60px\"\/><\/figure>\n<\/div>\n\n\n<h4 class=\"wp-block-heading has-text-align-center\">Jetzt kostenlose Erstberatung vereinbaren<\/h4>\n\n\n\n<div class=\"wp-block-buttons is-content-justification-center is-layout-flex wp-container-core-buttons-is-layout-16018d1d wp-block-buttons-is-layout-flex\">\n<div class=\"wp-block-button\"><a class=\"wp-block-button__link has-text-align-center wp-element-button\" href=\"mailto:torben@jaegerhorn.de\">Kontakt aufnehmen<\/a><\/div>\n<\/div>\n<\/div>\n\n\n\n<div class=\"wp-block-column is-layout-flow wp-block-column-is-layout-flow\"><div class=\"wp-block-image\">\n<figure class=\"aligncenter size-thumbnail is-resized\"><img loading=\"lazy\" decoding=\"async\" width=\"512\" height=\"512\" src=\"https:\/\/jaegerhorn.de\/wp\/wp-content\/uploads\/2023\/04\/icon-call.svg\" alt=\"\" class=\"wp-image-137\" style=\"width:60px;height:60px\"\/><\/figure>\n<\/div>\n\n\n<h4 class=\"wp-block-heading has-text-align-center\">Jetzt Torben direkt mal anrufen<\/h4>\n\n\n\n<div class=\"wp-block-buttons is-content-justification-center is-layout-flex wp-container-core-buttons-is-layout-16018d1d wp-block-buttons-is-layout-flex\">\n<div class=\"wp-block-button\"><a class=\"wp-block-button__link has-text-align-center wp-element-button\" href=\"tel:+49%20152%202403%209840\">Torben anrufen<\/a><\/div>\n<\/div>\n<\/div>\n<\/div>\n<\/div><\/div>\n\n\n\n<figure class=\"wp-block-pullquote\"><blockquote><p>J\u00e4ger\u00adhorn gibt den Ton an.<br>Und den Takt vor.<\/p><\/blockquote><\/figure>\n","protected":false},"excerpt":{"rendered":"<p>Beratung f\u00fcr Franchisegeber und -nehmer Beratung f\u00fcr Verb\u00e4nde und Organisationen Wer steckt hinter J\u00e4gerhorn? Gr\u00fcnder und Macher von J\u00e4gerhorn ist Torben L. Brodersen. Tor\u00adben ist geb\u00fcr\u00adti\u00adger Flens\u00adbur\u00adger, hat ein Uni\u00adver\u00adsi\u00adt\u00e4ts\u00addi\u00adplom in Poli\u00adtik\u00adwis\u00adsen\u00adschaft und mehr als ein Vier\u00adtel\u00adjahr\u00adhun\u00addert Erfah\u00adrung in den Berei\u00adchen Poli\u00adtik\u00adma\u00adnage\u00adment und Ver\u00adbands\u00adge\u00adsch\u00e4fts\u00adf\u00fch\u00adrung. Einen ausf\u00fchrlichen Lebenslauf von Torben finden Sie hier:Lebenslauf Torben Leif Brodersen [&hellip;]<\/p>\n","protected":false},"author":2,"featured_media":65,"parent":0,"menu_order":0,"comment_status":"closed","ping_status":"closed","template":"","meta":{"footnotes":""},"class_list":["post-397","page","type-page","status-publish","has-post-thumbnail","hentry"],"_links":{"self":[{"href":"https:\/\/jaegerhorn.de\/de\/wp-json\/wp\/v2\/pages\/397","targetHints":{"allow":["GET"]}}],"collection":[{"href":"https:\/\/jaegerhorn.de\/de\/wp-json\/wp\/v2\/pages"}],"about":[{"href":"https:\/\/jaegerhorn.de\/de\/wp-json\/wp\/v2\/types\/page"}],"author":[{"embeddable":true,"href":"https:\/\/jaegerhorn.de\/de\/wp-json\/wp\/v2\/users\/2"}],"replies":[{"embeddable":true,"href":"https:\/\/jaegerhorn.de\/de\/wp-json\/wp\/v2\/comments?post=397"}],"version-history":[{"count":11,"href":"https:\/\/jaegerhorn.de\/de\/wp-json\/wp\/v2\/pages\/397\/revisions"}],"predecessor-version":[{"id":620,"href":"https:\/\/jaegerhorn.de\/de\/wp-json\/wp\/v2\/pages\/397\/revisions\/620"}],"wp:featuredmedia":[{"embeddable":true,"href":"https:\/\/jaegerhorn.de\/de\/wp-json\/wp\/v2\/media\/65"}],"wp:attachment":[{"href":"https:\/\/jaegerhorn.de\/de\/wp-json\/wp\/v2\/media?parent=397"}],"curies":[{"name":"wp","href":"https:\/\/api.w.org\/{rel}","templated":true}]}}