{"id":429,"date":"2023-04-24T17:00:51","date_gmt":"2023-04-24T15:00:51","guid":{"rendered":"https:\/\/jaegerhorn.de\/de\/?page_id=429"},"modified":"2023-07-06T22:49:58","modified_gmt":"2023-07-06T20:49:58","slug":"leistungen","status":"publish","type":"page","link":"https:\/\/jaegerhorn.de\/de\/leistungen\/","title":{"rendered":"Leistungen"},"content":{"rendered":"\n<h1 class=\"wp-block-heading\">Was bietet J\u00e4gerhorn?<\/h1>\n\n\n\n<h2 class=\"wp-block-heading\">Inhaltliche und strategische (Neu\u2011)Positionierung<\/h2>\n\n\n\n<p>Bei J\u00e4gerhorn Initiatives werden zwei Leistungsbereiche zusammengef\u00fchrt: <\/p>\n\n\n\n<p>Auf der einen Seite stehen Beratungsleistungen f\u00fcr Verb\u00e4nde, die sich aus Torbens langj\u00e4hriger operativer F\u00fchrungserfahrung beim Deutschen Franchiseverband, dem daraus resultierenden profunden Wissen bei wesentlichen Fragen des Verbandsmanagements sowie aus seinem umfangreichen Netzwerk innerhalb der Verbandsszene ergeben. <\/p>\n\n\n\n<p>Auf der anderen Seite konnte Torben seit 2003 Know-how und Expertisen zur erfolgreichen Organisation eines Franchisesystems aufbauen und in der Praxis zahlreiche Unternehmen (ob Franchisegeber oder Franchisenehmer) in ihren vielf\u00e4ltigen Aufgabenstellungen unterst\u00fctzen, Workshops und Seminare durchf\u00fchren, Checklisten und Beitr\u00e4ge mit erstellen sowie den Zertifikatslehrgang Franchisemanager (IHK) erneuern und implementieren. <\/p>\n\n\n\n<p>Mehr zu den jeweiligen J\u00e4gerhorn-Produkten sowie dem Hintergrund erfahren Sie in den nachfolgenden \u00dcbersichten.<\/p>\n\n\n\n<div class=\"wp-block-group start-icons is-content-justification-center is-nowrap is-layout-flex wp-container-core-group-is-layout-079bfc22 wp-block-group-is-layout-flex\">\n<div class=\"wp-block-group teaser\"><div class=\"wp-block-group__inner-container is-layout-constrained wp-block-group-is-layout-constrained\">\n<figure class=\"wp-block-image size-large\"><img loading=\"lazy\" decoding=\"async\" width=\"1024\" height=\"1024\" src=\"https:\/\/jaegerhorn.de\/wp\/wp-content\/uploads\/2023\/07\/icon-franchise.svg\" alt=\"\" class=\"wp-image-389\"\/><\/figure>\n\n\n\n<p class=\"has-text-align-center\"><a href=\"https:\/\/jaegerhorn.de\/de\/franchise\/\" data-type=\"page\" data-id=\"379\">Beratung f\u00fcr <strong>Franchise<\/strong>geber- und Nehmer<\/a><\/p>\n<\/div><\/div>\n\n\n\n<div class=\"wp-block-group teaser\"><div class=\"wp-block-group__inner-container is-layout-constrained wp-block-group-is-layout-constrained\">\n<figure class=\"wp-block-image size-large\"><img loading=\"lazy\" decoding=\"async\" width=\"1024\" height=\"1024\" src=\"https:\/\/jaegerhorn.de\/wp\/wp-content\/uploads\/2023\/07\/icon-verbaende.svg\" alt=\"\" class=\"wp-image-390\"\/><\/figure>\n\n\n\n<p class=\"has-text-align-center\"><a href=\"https:\/\/jaegerhorn.de\/de\/verbaende\/\" data-type=\"page\" data-id=\"380\">Beratung f\u00fcr <strong>Verb\u00e4nde<\/strong> und Organisationen<\/a><\/p>\n<\/div><\/div>\n<\/div>\n\n\n\n<p><\/p>\n\n\n<div class=\"wp-block-image\">\n<figure class=\"aligncenter size-full is-resized\"><a href=\"tel:+49%20152%202403%209840\"><img loading=\"lazy\" decoding=\"async\" src=\"https:\/\/jaegerhorn.de\/wp\/wp-content\/uploads\/2023\/04\/SOFORT-HILFE-BUTTON-small.png\" alt=\"\" class=\"wp-image-171\" width=\"256\" height=\"256\" srcset=\"https:\/\/jaegerhorn.de\/wp\/wp-content\/uploads\/2023\/04\/SOFORT-HILFE-BUTTON-small.png 709w, https:\/\/jaegerhorn.de\/wp\/wp-content\/uploads\/2023\/04\/SOFORT-HILFE-BUTTON-small-600x600.png 600w, https:\/\/jaegerhorn.de\/wp\/wp-content\/uploads\/2023\/04\/SOFORT-HILFE-BUTTON-small-60x60.png 60w\" sizes=\"auto, (max-width: 256px) 100vw, 256px\" \/><\/a><\/figure>\n<\/div>","protected":false},"excerpt":{"rendered":"<p>Was bietet J\u00e4gerhorn? Inhaltliche und strategische (Neu\u2011)Positionierung Bei J\u00e4gerhorn Initiatives werden zwei Leistungsbereiche zusammengef\u00fchrt: Auf der einen Seite stehen Beratungsleistungen f\u00fcr Verb\u00e4nde, die sich aus Torbens langj\u00e4hriger operativer F\u00fchrungserfahrung beim Deutschen Franchiseverband, dem daraus resultierenden profunden Wissen bei wesentlichen Fragen des Verbandsmanagements sowie aus seinem umfangreichen Netzwerk innerhalb der Verbandsszene ergeben. Auf der anderen Seite [&hellip;]<\/p>\n","protected":false},"author":2,"featured_media":0,"parent":0,"menu_order":0,"comment_status":"closed","ping_status":"closed","template":"","meta":{"footnotes":""},"class_list":["post-429","page","type-page","status-publish","hentry"],"_links":{"self":[{"href":"https:\/\/jaegerhorn.de\/de\/wp-json\/wp\/v2\/pages\/429","targetHints":{"allow":["GET"]}}],"collection":[{"href":"https:\/\/jaegerhorn.de\/de\/wp-json\/wp\/v2\/pages"}],"about":[{"href":"https:\/\/jaegerhorn.de\/de\/wp-json\/wp\/v2\/types\/page"}],"author":[{"embeddable":true,"href":"https:\/\/jaegerhorn.de\/de\/wp-json\/wp\/v2\/users\/2"}],"replies":[{"embeddable":true,"href":"https:\/\/jaegerhorn.de\/de\/wp-json\/wp\/v2\/comments?post=429"}],"version-history":[{"count":8,"href":"https:\/\/jaegerhorn.de\/de\/wp-json\/wp\/v2\/pages\/429\/revisions"}],"predecessor-version":[{"id":467,"href":"https:\/\/jaegerhorn.de\/de\/wp-json\/wp\/v2\/pages\/429\/revisions\/467"}],"wp:attachment":[{"href":"https:\/\/jaegerhorn.de\/de\/wp-json\/wp\/v2\/media?parent=429"}],"curies":[{"name":"wp","href":"https:\/\/api.w.org\/{rel}","templated":true}]}}